{"id":5391,"date":"2025-01-15T12:05:44","date_gmt":"2025-01-15T15:05:44","guid":{"rendered":"https:\/\/agenciaprana.com.br\/doutores\/?page_id=5391"},"modified":"2025-01-15T12:08:19","modified_gmt":"2025-01-15T15:08:19","slug":"termos-de-uso","status":"publish","type":"page","link":"https:\/\/agenciaprana.com.br\/doutores\/termos-de-uso\/","title":{"rendered":"Termos de Uso"},"content":{"rendered":"\t\t<div data-elementor-type=\"wp-page\" data-elementor-id=\"5391\" class=\"elementor elementor-5391\" data-elementor-post-type=\"page\">\n\t\t\t\t\t\t<section class=\"elementor-section elementor-top-section elementor-element elementor-element-f262d14 elementor-section-boxed elementor-section-height-default elementor-section-height-default\" data-id=\"f262d14\" data-element_type=\"section\" data-e-type=\"section\" data-settings=\"{&quot;jet_parallax_layout_list&quot;:[]}\">\n\t\t\t\t\t\t<div class=\"elementor-container elementor-column-gap-default\">\n\t\t\t\t\t<div class=\"elementor-column elementor-col-100 elementor-top-column elementor-element elementor-element-412c9a05\" data-id=\"412c9a05\" data-element_type=\"column\" data-e-type=\"column\">\n\t\t\t<div class=\"elementor-widget-wrap elementor-element-populated\">\n\t\t\t\t\t\t<div class=\"elementor-element elementor-element-1ff3b98c elementor-widget__width-initial elementor-widget elementor-widget-text-editor\" data-id=\"1ff3b98c\" data-element_type=\"widget\" data-e-type=\"widget\" data-widget_type=\"text-editor.default\">\n\t\t\t\t\t\t\t\t\t<p><strong>TERMOS DE USO DA AG\u00caNCIA PRANA DOUTORES<\/strong><\/p>\n<p><strong>Atualizado em 15 de janeiro de 2025<\/strong><\/p>\n<p>A PRANA SERVI\u00c7OS DE DIVULGA\u00c7\u00c3O LTDA (\u201cAg\u00eancia Prana\u201d), com sede na cidade de Av. Ayrton Senna, 2600 \u2013 Bl 3 \u2013 Sl 452 \u2013 Link Offices Mall \u2013 Barra da Tijuca \u2013 RJ, inscrita no CNPJ\/RJ sob o n. 16.365.711\/0001-08, estabelece os presentes Termos de Uso, que regulam a utiliza\u00e7\u00e3o do site <a href=\"https:\/\/agenciaprana.com.br\/doutores\">agenciaprana.com.br\/doutores<\/a> e dos servi\u00e7os ofertados aos seus clientes e usu\u00e1rios.<\/p>\n<p>Ao acessar ou utilizar os servi\u00e7os da Ag\u00eancia Prana, o Usu\u00e1rio declara que leu, compreendeu e concorda com os presentes Termos. O aceite \u00e9 feito mediante a ades\u00e3o eletr\u00f4nica no momento do cadastro ou utiliza\u00e7\u00e3o dos servi\u00e7os.<\/p>\n<p><strong>1. DEFINI\u00c7\u00d5ES<\/strong><\/p>\n<ul>\n<li><strong>Ag\u00eancia Prana:<\/strong> Empresa fornecedora dos servi\u00e7os de marketing digital especializados no segmento m\u00e9dico, incluindo estrat\u00e9gias em redes sociais, produ\u00e7\u00e3o de conte\u00fado e gest\u00e3o de tr\u00e1fego.<\/li>\n<li><strong>Usu\u00e1rio:<\/strong> Pessoa f\u00edsica ou jur\u00eddica que utiliza o site e\/ou contrata os servi\u00e7os da Ag\u00eancia Prana.<\/li>\n<li><strong>Servi\u00e7os:<\/strong> Solu\u00e7\u00f5es de marketing digital ofertadas pela Ag\u00eancia Prana, como gest\u00e3o de redes sociais, cria\u00e7\u00e3o de conte\u00fado, design, estrat\u00e9gias de tr\u00e1fego pago, entre outros.<\/li>\n<li><strong>Plataforma:<\/strong> Ambiente digital por meio do qual o Usu\u00e1rio acessa informa\u00e7\u00f5es e funcionalidades relacionadas aos servi\u00e7os contratados.<\/li>\n<\/ul>\n<p><strong><br><\/strong><\/p>\n<p><strong>2. SERVI\u00c7OS OFERECIDOS<\/strong><\/p>\n<p>A Ag\u00eancia Prana oferece:<\/p>\n<ul>\n<li>Cria\u00e7\u00e3o e gest\u00e3o de estrat\u00e9gias de marketing digital no segmento m\u00e9dico;<\/li>\n<li>Planejamento e execu\u00e7\u00e3o de campanhas em redes sociais e plataformas de tr\u00e1fego pago;<\/li>\n<li>Produ\u00e7\u00e3o de conte\u00fado, incluindo textos, imagens e v\u00eddeos;<\/li>\n<li>Consultoria e suporte em projetos de comunica\u00e7\u00e3o.<\/li>\n<\/ul>\n<p>A disponibilidade e os detalhes espec\u00edficos de cada servi\u00e7o est\u00e3o sujeitos ao plano contratado pelo Usu\u00e1rio.<\/p>\n<p><strong>3. ACESSO E USO DOS SERVI\u00c7OS<\/strong><\/p>\n<p>3.1. <strong>Cadastro<\/strong><\/p>\n<p>O acesso a determinados servi\u00e7os requer o cadastro pr\u00e9vio do Usu\u00e1rio, que dever\u00e1 fornecer informa\u00e7\u00f5es completas e ver\u00eddicas.<\/p>\n<p>3.2. <strong>Responsabilidade pelo Acesso<\/strong><\/p>\n<p>O login e a senha s\u00e3o pessoais e intransfer\u00edveis. O Usu\u00e1rio \u00e9 respons\u00e1vel por manter a confidencialidade dessas informa\u00e7\u00f5es e por todas as atividades realizadas em sua conta.<\/p>\n<p>3.3. <strong>Uso Adequado<\/strong><\/p>\n<p>O Usu\u00e1rio compromete-se a utilizar os servi\u00e7os apenas para fins l\u00edcitos e de acordo com os Termos de Uso e a legisla\u00e7\u00e3o aplic\u00e1vel.<\/p>\n<p><strong>4. PAGAMENTOS E PLANOS<\/strong><\/p>\n<p>4.1. <strong>Planos Contratados<\/strong><\/p>\n<p>Os servi\u00e7os da Ag\u00eancia Prana s\u00e3o disponibilizados mediante a contrata\u00e7\u00e3o de planos que variam em fun\u00e7\u00e3o das funcionalidades e do n\u00edvel de suporte oferecido.<\/p>\n<p>4.2. <strong>Fatura\u00e7\u00e3o<\/strong><\/p>\n<p>Os valores devidos ser\u00e3o cobrados conforme estipulado no contrato firmado entre o Usu\u00e1rio e a Ag\u00eancia Prana.<\/p>\n<p>4.3. <strong>Inadimpl\u00eancia<\/strong><\/p>\n<p>A falta de pagamento implica na suspens\u00e3o ou cancelamento dos servi\u00e7os, al\u00e9m de outras medidas previstas em contrato.<\/p>\n<p><strong style=\"color: var( --e-global-color-text );\">5. PROPRIEDADE INTELECTUAL<\/strong><\/p>\n<p>Todo o conte\u00fado disponibilizado pela Ag\u00eancia Prana, incluindo textos, imagens, v\u00eddeos, logotipos, \u00e9 de sua propriedade ou est\u00e1 licenciado para uso exclusivo.<\/p>\n<p>O uso, reprodu\u00e7\u00e3o ou distribui\u00e7\u00e3o sem autoriza\u00e7\u00e3o expressa \u00e9 proibido e pode acarretar san\u00e7\u00f5es legais.<\/p>\n<p><strong>6. TRATAMENTO DE DADOS PESSOAIS<\/strong><\/p>\n<p>A coleta, utiliza\u00e7\u00e3o e armazenamento de dados pessoais seguem a Pol\u00edtica de Privacidade da Ag\u00eancia Prana, em conformidade com a Lei Geral de Prote\u00e7\u00e3o de Dados (Lei n\u00ba 13.709\/2018).<\/p>\n<p><strong>7. LIMITA\u00c7\u00c3O DE RESPONSABILIDADE<\/strong><\/p>\n<p>A Ag\u00eancia Prana n\u00e3o se responsabiliza por:<\/p>\n<ul>\n<li>Resultados al\u00e9m do previsto nos servi\u00e7os contratados;<\/li>\n<li>Problemas decorrentes de fatores externos ao controle da Ag\u00eancia, como falhas de conex\u00e3o ou integra\u00e7\u00f5es externas.<\/li>\n<\/ul>\n<p><strong><br><\/strong><\/p>\n<p><strong>8. VIG\u00caNCIA E RESCIS\u00c3O<\/strong><\/p>\n<p>Estes Termos de Uso vigorar\u00e3o enquanto o Usu\u00e1rio estiver utilizando os servi\u00e7os da Ag\u00eancia Prana. A rescis\u00e3o pode ocorrer por:<\/p>\n<ul>\n<li>Solicita\u00e7\u00e3o do Usu\u00e1rio;<\/li>\n<li>Descumprimento de qualquer cl\u00e1usula destes Termos.<\/li>\n<\/ul>\n<p><strong><br><\/strong><\/p>\n<p><strong>9. DISPOSI\u00c7\u00d5ES FINAIS<\/strong><\/p>\n<p>9.1. <strong>Altera\u00e7\u00f5es nos Termos<\/strong><\/p>\n<p>A Ag\u00eancia Prana se reserva o direito de alterar os presentes Termos, notificando o Usu\u00e1rio em caso de modifica\u00e7\u00f5es relevantes.<\/p>\n<p>9.2. <strong>Legisla\u00e7\u00e3o Aplic\u00e1vel e Foro<\/strong><\/p>\n<p>Estes Termos s\u00e3o regidos pelas leis brasileiras. Fica eleito o foro da comarca&nbsp;XXIV RA &#8211; Barra da Tijuca do Rio de Janeiro, Estado do RJ, para resolver quaisquer quest\u00f5es decorrentes destes Termos.<\/p>\n<hr>\n<p><br><\/p>\n<p>Para esclarecimentos ou suporte, entre em contato pelo e-mail <a href=\"mailto:contato@agenciaprana.com.br\">contato@agenciaprana.com.br<\/a>.<\/p>\t\t\t\t\t\t\t\t<\/div>\n\t\t\t\t\t<\/div>\n\t\t<\/div>\n\t\t\t\t\t<\/div>\n\t\t<\/section>\n\t\t\t\t<\/div>\n\t\t","protected":false},"excerpt":{"rendered":"<p>TERMOS DE USO DA AG\u00caNCIA PRANA DOUTORES Atualizado em 15 de janeiro de 2025 A PRANA SERVI\u00c7OS DE DIVULGA\u00c7\u00c3O LTDA (\u201cAg\u00eancia Prana\u201d), com sede na cidade de Av. Ayrton Senna, 2600 \u2013 Bl 3 \u2013 Sl 452 \u2013 Link Offices Mall \u2013 Barra da Tijuca \u2013 RJ, inscrita no CNPJ\/RJ sob o n. 16.365.711\/0001-08, estabelece [&hellip;]<\/p>\n","protected":false},"author":1,"featured_media":0,"parent":0,"menu_order":0,"comment_status":"closed","ping_status":"closed","template":"","meta":{"_acf_changed":false,"footnotes":""},"class_list":["post-5391","page","type-page","status-publish","hentry"],"acf":[],"_links":{"self":[{"href":"https:\/\/agenciaprana.com.br\/doutores\/wp-json\/wp\/v2\/pages\/5391","targetHints":{"allow":["GET"]}}],"collection":[{"href":"https:\/\/agenciaprana.com.br\/doutores\/wp-json\/wp\/v2\/pages"}],"about":[{"href":"https:\/\/agenciaprana.com.br\/doutores\/wp-json\/wp\/v2\/types\/page"}],"author":[{"embeddable":true,"href":"https:\/\/agenciaprana.com.br\/doutores\/wp-json\/wp\/v2\/users\/1"}],"replies":[{"embeddable":true,"href":"https:\/\/agenciaprana.com.br\/doutores\/wp-json\/wp\/v2\/comments?post=5391"}],"version-history":[{"count":0,"href":"https:\/\/agenciaprana.com.br\/doutores\/wp-json\/wp\/v2\/pages\/5391\/revisions"}],"wp:attachment":[{"href":"https:\/\/agenciaprana.com.br\/doutores\/wp-json\/wp\/v2\/media?parent=5391"}],"curies":[{"name":"wp","href":"https:\/\/api.w.org\/{rel}","templated":true}]}}